{"id":6184,"date":"2020-04-30T17:45:18","date_gmt":"2020-04-30T20:45:18","guid":{"rendered":"http:\/\/amorare.com.br\/eng\/?page_id=6184"},"modified":"2021-07-06T22:50:57","modified_gmt":"2021-07-07T01:50:57","slug":"news","status":"publish","type":"page","link":"https:\/\/amorare.com.br\/eng\/news\/","title":{"rendered":"NEWS"},"content":{"rendered":"<section style=\"background-color:#183c6b;\"><div class=\"container\"><div class=\"row\"><div class=\"wpb_column brando-column-container col-sm-12  col-xs-mobile-fullwidth\"><div class=\"vc-column-innner-wrapper\"><div class=\"wpd-innner-wrapper\"><p style=\"font-size: 30px; color: #fab412; text-align: center; line-height: 36px;\">Empresas de moradia compartilhada despontam na capital<br \/>\nVEJA SP \u2013 14\/02\/2020<\/p>\n<a  href=\"https:\/\/vejasp.abril.com.br\/cidades\/coliving-moradia-compartilhada-estudantes\/\" target=\"_blank\" class=\"inner-link btn-amarelo brando_button_1516386673-2-12 highlight-button-dark btn-large button btn alt-font\">SAIBA MAIS<\/a><\/div><\/div><\/div><\/div><\/div><\/section><section style=\"background-color:#ffffff;\"><div class=\"container\"><div class=\"row\"><div class=\"wpb_column brando-column-container col-sm-12  col-xs-mobile-fullwidth\"><div class=\"vc-column-innner-wrapper\"><div class=\"wpd-innner-wrapper\"><p style=\"font-size: 30px; color: #183c6b; text-align: center; line-height: 36px;\">Com retrofit, empresas investem em moradia estudantil que tem aluguel de quase R$ 5.000<br \/>\nFolha de S. Paulo \u2013 12\/02\/2020<\/p>\n<a  href=\"https:\/\/www1.folha.uol.com.br\/mercado\/2020\/02\/com-retrofit-empresas-investem-em-moradia-estudantil-que-tem-aluguel-de-quase-r-5000.shtml\" target=\"_blank\" class=\"inner-link btn-azul brando_button_1516386673-2-12 highlight-button-dark btn-large button btn alt-font\">SAIBA MAIS<\/a><\/div><\/div><\/div><\/div><\/div><\/section><section style=\"background-color:#183c6b;\"><div class=\"container\"><div class=\"row\"><div class=\"wpb_column brando-column-container col-sm-12  col-xs-mobile-fullwidth\"><div class=\"vc-column-innner-wrapper\"><div class=\"wpd-innner-wrapper\"><p style=\"font-size: 30px; color: #fab412; text-align: center; line-height: 36px;\">Construtoras renovam rep\u00fablica universit\u00e1ria com espa\u00e7os de lazer e seguran\u00e7a em SP<br \/>\nFolha de S. Paulo \u2013 15\/11\/2018<\/p>\n<a  href=\"https:\/\/www1.folha.uol.com.br\/sobretudo\/morar\/2018\/11\/1984616-construtoras-renovam-republica-universitaria-com-espacos-de-lazer-e-seguranca-em-sp.shtml\" target=\"_blank\" class=\"inner-link btn-amarelo brando_button_1516386673-2-12 highlight-button-dark btn-large button btn alt-font\">SAIBA MAIS<\/a><\/div><\/div><\/div><\/div><\/div><\/section><section style=\"background-color:#ffffff;\"><div class=\"container\"><div class=\"row\"><div class=\"wpb_column brando-column-container col-sm-12  col-xs-mobile-fullwidth\"><div class=\"vc-column-innner-wrapper\"><div class=\"wpd-innner-wrapper\"><p style=\"font-size: 30px; color: #183c6b; text-align: center; line-height: 36px;\">Crescem as moradias compartilhadas em S\u00e3o Paulo<br \/>\nGloboplay - 06\/03\/2020<\/p>\n<a  href=\"https:\/\/globoplay.globo.com\/v\/8380540\/\" target=\"_blank\" class=\"inner-link btn-azul brando_button_1516386673-2-12 highlight-button-dark btn-large button btn alt-font\">SAIBA MAIS<\/a><\/div><\/div><\/div><\/div><\/div><\/section><section style=\"background-color:#183c6b;\"><div class=\"container\"><div class=\"row\"><div class=\"wpb_column brando-column-container col-sm-12  col-xs-mobile-fullwidth\"><div class=\"vc-column-innner-wrapper\"><div class=\"wpd-innner-wrapper\"><p style=\"font-size: 30px; color: #fab412; text-align: center; line-height: 36px;\">Conhe\u00e7a o \u2018share living\u2019, a mais nova modalidade de im\u00f3vel compartilhado<br \/>\nZAP Im\u00f3veis - 15\/03\/2019<\/p>\n<a  href=\"https:\/\/revista.zapimoveis.com.br\/compartilhar-moradia\/\" target=\"_blank\" class=\"inner-link btn-amarelo brando_button_1516386673-2-12 highlight-button-dark btn-large button btn alt-font\">SAIBA MAIS<\/a><\/div><\/div><\/div><\/div><\/div><\/section><section class=\"footer-sociais padding-five-top\" style=\"background-color:#eaebeb;\"><div class=\"wpb_column brando-column-container col-sm-2  col-xs-mobile-fullwidth\"><div class=\"vc-column-innner-wrapper\"><div class=\"wpd-innner-wrapper\">[vc_icon icon_fontawesome=\"fa fa-instagram\" color=\"custom\" size=\"sm\" align=\"right\" custom_color=\"#183c6b\" link=\"url:https%3A%2F%2Fwww.instagram.com%2Famora_residencias%2F|||\"]<\/div><\/div><\/div><div class=\"wpb_column brando-column-container col-sm-2  col-xs-mobile-fullwidth\"><div class=\"vc-column-innner-wrapper\"><div class=\"wpd-innner-wrapper\">[vc_icon icon_fontawesome=\"fa fa-facebook\" color=\"custom\" size=\"sm\" custom_color=\"#183c6b\" link=\"url:https%3A%2F%2Fwww.facebook.com%2Famoraresidencias%2F||target:%20_blank|\"]<\/div><\/div><\/div><div class=\"wpb_column brando-column-container col-sm-2  col-xs-mobile-fullwidth\"><div class=\"vc-column-innner-wrapper\"><div class=\"wpd-innner-wrapper\"><\/div><\/div><\/div><div class=\"wpb_column brando-column-container col-sm-2  col-xs-mobile-fullwidth\"><div class=\"vc-column-innner-wrapper\"><div class=\"wpd-innner-wrapper\"><\/div><\/div><\/div><div class=\"wpb_column brando-column-container col-sm-2  col-xs-mobile-fullwidth\"><div class=\"vc-column-innner-wrapper\"><div class=\"wpd-innner-wrapper\">[vc_single_image image=\"6032\" img_size=\"53x80\" alignment=\"right\"]<\/div><\/div><\/div><div class=\"wpb_column brando-column-container col-sm-2  col-xs-mobile-fullwidth\"><div class=\"vc-column-innner-wrapper\"><div class=\"wpd-innner-wrapper\"><\/div><\/div><\/div><\/section><section class=\"footer-espaco no-padding\" style=\"background-color:##dbdbdb;\"><div class=\"wpb_column brando-column-container col-sm-12  col-xs-mobile-fullwidth\"><div class=\"vc-column-innner-wrapper\"><div class=\"wpd-innner-wrapper\">[vc_separator color=\"custom\" accent_color=\"#183c6b\"]<\/div><\/div><\/div><\/section><section class=\"footer-copyright no-padding\" style=\"background-color:#eaebeb;\"><div class=\"wpb_column brando-column-container col-sm-12  col-xs-mobile-fullwidth\"><div class=\"vc-column-innner-wrapper\"><div class=\"wpd-innner-wrapper\"><p style=\"text-align: center;\"><span style=\"color: #424240; font-size: 12px; text-transform: uppercase;\">\u00a9 2021 ALL RIGHTS RESERVED TO AMORA RESID\u00caNCIAS<\/span><\/p>\n<\/div><\/div><\/div><\/section>","protected":false},"excerpt":{"rendered":"<p>Empresas de moradia compartilhada despontam na capital VEJA SP \u2013 14\/02\/2020 SAIBA MAISCom retrofit, empresas investem em moradia estudantil que tem aluguel de quase R$ 5.000 Folha de S. Paulo \u2013 12\/02\/2020 SAIBA MAISConstrutoras renovam rep\u00fablica universit\u00e1ria com espa\u00e7os de lazer e seguran\u00e7a em SP Folha de S. Paulo \u2013 15\/11\/2018 SAIBA MAISCrescem as moradias [&hellip;]<\/p>\n","protected":false},"author":1,"featured_media":0,"parent":0,"menu_order":0,"comment_status":"closed","ping_status":"closed","template":"","meta":{"ngg_post_thumbnail":0,"footnotes":""},"class_list":["post-6184","page","type-page","status-publish","hentry"],"_links":{"self":[{"href":"https:\/\/amorare.com.br\/eng\/wp-json\/wp\/v2\/pages\/6184","targetHints":{"allow":["GET"]}}],"collection":[{"href":"https:\/\/amorare.com.br\/eng\/wp-json\/wp\/v2\/pages"}],"about":[{"href":"https:\/\/amorare.com.br\/eng\/wp-json\/wp\/v2\/types\/page"}],"author":[{"embeddable":true,"href":"https:\/\/amorare.com.br\/eng\/wp-json\/wp\/v2\/users\/1"}],"replies":[{"embeddable":true,"href":"https:\/\/amorare.com.br\/eng\/wp-json\/wp\/v2\/comments?post=6184"}],"version-history":[{"count":4,"href":"https:\/\/amorare.com.br\/eng\/wp-json\/wp\/v2\/pages\/6184\/revisions"}],"predecessor-version":[{"id":6326,"href":"https:\/\/amorare.com.br\/eng\/wp-json\/wp\/v2\/pages\/6184\/revisions\/6326"}],"wp:attachment":[{"href":"https:\/\/amorare.com.br\/eng\/wp-json\/wp\/v2\/media?parent=6184"}],"curies":[{"name":"wp","href":"https:\/\/api.w.org\/{rel}","templated":true}]}}